{"id":21272,"date":"2024-05-07T10:00:08","date_gmt":"2024-05-07T10:00:08","guid":{"rendered":"https:\/\/lazkaoke.ibd.es\/?page_id=21272"},"modified":"2024-07-23T08:40:01","modified_gmt":"2024-07-23T08:40:01","slug":"politica-de-cookies","status":"publish","type":"page","link":"https:\/\/www.lazkaoke.eus\/es\/politica-de-cookies\/","title":{"rendered":"Pol\u00edtica de cookies"},"content":{"rendered":"\t\t<div data-elementor-type=\"wp-page\" data-elementor-id=\"21272\" class=\"elementor elementor-21272\">\n\t\t\t\t<div class=\"elementor-element elementor-element-0ff3709 migapan e-flex e-con-boxed sc_inner_width_none sc_layouts_column_icons_position_left e-con e-parent\" data-id=\"0ff3709\" data-element_type=\"container\">\n\t\t\t\t\t<div class=\"e-con-inner\">\n\t\t\t\t<div class=\"elementor-element elementor-element-e0629a2 sc_fly_static elementor-widget elementor-widget-text-editor\" data-id=\"e0629a2\" data-element_type=\"widget\" data-widget_type=\"text-editor.default\">\n\t\t\t\t<div class=\"elementor-widget-container\">\n\t\t\t<style>\/*! elementor - v3.21.0 - 25-04-2024 *\/\n.elementor-widget-text-editor.elementor-drop-cap-view-stacked .elementor-drop-cap{background-color:#69727d;color:#fff}.elementor-widget-text-editor.elementor-drop-cap-view-framed .elementor-drop-cap{color:#69727d;border:3px solid;background-color:transparent}.elementor-widget-text-editor:not(.elementor-drop-cap-view-default) .elementor-drop-cap{margin-top:8px}.elementor-widget-text-editor:not(.elementor-drop-cap-view-default) .elementor-drop-cap-letter{width:1em;height:1em}.elementor-widget-text-editor .elementor-drop-cap{float:left;text-align:center;line-height:1;font-size:50px}.elementor-widget-text-editor .elementor-drop-cap-letter{display:inline-block}<\/style>\t\t\t\t<a class=\"c-verde\" href=\"https:\/\/lazkaoke.ibd.es\/\">Inicio <\/a>\/ Pol\u00edtica de cookies\t\t\t\t\t\t<\/div>\n\t\t\t\t<\/div>\n\t\t\t\t\t<\/div>\n\t\t\t\t<\/div>\n\t\t<div class=\"elementor-element elementor-element-7988cc6 e-flex e-con-boxed sc_inner_width_none sc_layouts_column_icons_position_left e-con e-parent\" data-id=\"7988cc6\" data-element_type=\"container\">\n\t\t\t\t\t<div class=\"e-con-inner\">\n\t\t\t\t<div class=\"elementor-element elementor-element-f914a9c sc_fly_static elementor-widget elementor-widget-text-editor\" data-id=\"f914a9c\" data-element_type=\"widget\" data-widget_type=\"text-editor.default\">\n\t\t\t\t<div class=\"elementor-widget-container\">\n\t\t\t\t\t\t\t\n<h4>\u00bfQu\u00e9 es una cookie?<\/h4>\nUna <em>cookie<\/em> es un fichero de texto <strong>inofensivo<\/strong> que se almacena en su navegador cuando visita casi cualquier p\u00e1gina web. La utilidad de la <em>cookie<\/em> es que la web sea capaz de recordar su visita cuando vuelva a navegar por esa p\u00e1gina. Aunque mucha gente no lo sabe las <em>cookies<\/em> se llevan utilizando desde hace 20 a\u00f1os, cuando aparecieron los primeros navegadores para la World Wide Web.\n<h4>\u00bfQu\u00e9 NO ES una cookie?<\/h4>\nNo es un virus, ni un troyano, ni un gusano, ni spam, ni spyware, ni abre ventanas pop-up.\n<h4>\u00bfQu\u00e9 informaci\u00f3n almacena una <em>cookie<\/em>?<\/h4>\nLas <em>cookies<\/em> no suelen almacenar informaci\u00f3n sensible sobre usted, como tarjetas de cr\u00e9dito o datos bancarios, fotograf\u00edas, su DNI o informaci\u00f3n personal, etc. Los datos que guardan son de car\u00e1cter t\u00e9cnico, preferencias personales, personalizaci\u00f3n de contenidos, etc. El servidor web no le asocia a usted como persona si no a su navegador web. De hecho, si usted navega habitualmente con Internet Explorer y prueba a navegar por la misma web con Firefox o Chrome ver\u00e1 que la web no se da cuenta que es usted la misma persona porque en realidad est\u00e1 asociando al navegador, no a la persona.\n<h4>\u00bfQu\u00e9 tipo de <em>cookies<\/em> existen?<\/h4>\n<ul>\n \t<li><em>Cookies<\/em> t\u00e9cnicas: Son las m\u00e1s elementales y permiten, entre otras cosas, saber cu\u00e1ndo est\u00e1 navegando un humano o una aplicaci\u00f3n automatizada, cu\u00e1ndo navega un usuario an\u00f3nimo y uno registrado, tareas b\u00e1sicas para el funcionamiento de cualquier web din\u00e1mica.<\/li>\n \t<li><em>Cookies<\/em> de an\u00e1lisis: Recogen informaci\u00f3n sobre el tipo de navegaci\u00f3n que est\u00e1 realizando, las secciones que m\u00e1s utiliza, productos consultados, franja horaria de uso, idioma, etc.<\/li>\n \t<li><em>Cookies<\/em> publicitarias: Muestran publicidad en funci\u00f3n de su navegaci\u00f3n, su pa\u00eds de procedencia, idioma, etc.<\/li>\n<\/ul>\n<h4>\u00bfQu\u00e9 son las <em>cookies<\/em> propias y las de terceros?<\/h4>\nLas <em>cookies propias<\/em> son las generadas por la p\u00e1gina que est\u00e1 visitando y las <em>de terceros<\/em> son las generadas por servicios o proveedores externos como Facebook, Twitter, Google, etc.\n<h4>\u00bfQu\u00e9 ocurre si desactivo las <em>cookies<\/em>?<\/h4>\nPara que entienda el alcance que puede tener desactivar las <em>cookies<\/em> le mostramos unos ejemplos:\n<ul>\n \t<li>No podr\u00e1 compartir contenidos de esa web en Facebook, Twitter o cualquier otra red social.<\/li>\n \t<li>El sitio web no podr\u00e1 adaptar los contenidos a sus preferencias personales, como suele ocurrir en las tiendas online.<\/li>\n \t<li>No podr\u00e1 acceder al \u00e1rea personal de esa web, como por ejemplo <em>Mi cuenta<\/em>, o <em>Mi perfil<\/em> o <em>Mis pedidos<\/em>.<\/li>\n \t<li>Tiendas online: Le ser\u00e1 imposible realizar compras online, tendr\u00e1n que ser telef\u00f3nicas o visitando la tienda f\u00edsica si es que dispone de ella.<\/li>\n \t<li>No ser\u00e1 posible personalizar sus preferencias geogr\u00e1ficas como franja horaria, divisa o idioma.<\/li>\n \t<li>El sitio web no podr\u00e1 realizar anal\u00edticas web sobre visitantes y tr\u00e1fico en la web, lo que dificultar\u00e1 que la web sea competitiva.<\/li>\n \t<li>No podr\u00e1 escribir en el blog, no podr\u00e1 subir fotos, publicar comentarios, valorar o puntuar contenidos. La web tampoco podr\u00e1 saber si usted es un humano o una aplicaci\u00f3n automatizada que publica <em>spam<\/em>.<\/li>\n \t<li>No se podr\u00e1 mostrar publicidad sectorizada, lo que reducir\u00e1 los ingresos publicitarios de la web.<\/li>\n \t<li>Todas las redes sociales usan <em>cookies<\/em>, si las desactiva no podr\u00e1 utilizar ninguna red social.<\/li>\n<\/ul>\n<h4>\u00bfSe pueden eliminar las <em>cookies<\/em>?<\/h4>\nS\u00ed. No s\u00f3lo eliminar, tambi\u00e9n bloquear, de forma general o particular para un dominio espec\u00edfico. Para eliminar las <em>cookies<\/em> de un sitio web debe ir a la configuraci\u00f3n de su navegador y all\u00ed podr\u00e1 buscar las asociadas al dominio en cuesti\u00f3n y proceder a su eliminaci\u00f3n.\n<p id=\"navegadores\">Configuraci\u00f3n de <em>cookies<\/em> para los navegadores m\u00e1s populares<\/p>\nA continuaci\u00f3n le indicamos c\u00f3mo acceder a una <em>cookie<\/em> determinada del navegador <strong>Chrome<\/strong>. Nota: estos pasos pueden variar en funci\u00f3n de la versi\u00f3n del navegador:\n<ol>\n \t<li>Vaya a Configuraci\u00f3n o Preferencias mediante el men\u00fa Archivo o bien pinchando el icono de personalizaci\u00f3n que aparece arriba a la derecha.<\/li>\n \t<li>Ver\u00e1 diferentes secciones, pinche la opci\u00f3n <em>Mostrar opciones avanzadas<\/em>.<\/li>\n \t<li>Vaya a <em>Privacidad<\/em>, <em>Configuraci\u00f3n de contenido<\/em>.<\/li>\n \t<li>Seleccione <em>Todas las <em>cookies<\/em> y los datos de sitios<\/em>.<\/li>\n \t<li>Aparecer\u00e1 un listado con todas las <em>cookies<\/em> ordenadas por dominio. Para que le sea m\u00e1s f\u00e1cil encontrar las <em>cookies<\/em> de un determinado dominio introduzca parcial o totalmente la direcci\u00f3n en el campo <em>Buscar cookies<\/em>.<\/li>\n \t<li>Tras realizar este filtro aparecer\u00e1n en pantalla una o varias l\u00edneas con las <em>cookies<\/em> de la web solicitada. Ahora s\u00f3lo tiene que seleccionarla y pulsar la <em>X<\/em> para proceder a su eliminaci\u00f3n.<\/li>\n<\/ol>\nPara acceder a la configuraci\u00f3n de <em>cookies<\/em> del navegador <strong>Internet Explorer<\/strong> siga estos pasos (pueden variar en funci\u00f3n de la versi\u00f3n del navegador):\n<ol>\n \t<li>Vaya a <em>Herramientas<\/em>, <em>Opciones de Internet<\/em><\/li>\n \t<li>Haga click en <em>Privacidad<\/em>.<\/li>\n \t<li>Mueva el deslizador hasta ajustar el nivel de privacidad que desee.<\/li>\n<\/ol>\nPara acceder a la configuraci\u00f3n de <em>cookies<\/em> del navegador <strong>Firefox<\/strong> siga estos pasos (pueden variar en funci\u00f3n de la versi\u00f3n del navegador):\n<ol>\n \t<li>Vaya a <em>Opciones<\/em> o <em>Preferencias<\/em> seg\u00fan su sistema operativo.<\/li>\n \t<li>Haga click en <em>Privacidad<\/em>.<\/li>\n \t<li>En <em>Historial<\/em> elija <em>Usar una configuraci\u00f3n personalizada para el historial<\/em>.<\/li>\n \t<li>Ahora ver\u00e1 la opci\u00f3n <em>Aceptar cookies<\/em>, puede activarla o desactivarla seg\u00fan sus preferencias.<\/li>\n<\/ol>\nPara acceder a la configuraci\u00f3n de <em>cookies<\/em> del navegador <strong>Safari para OSX<\/strong> siga estos pasos (pueden variar en funci\u00f3n de la versi\u00f3n del navegador):\n<ol>\n \t<li>Vaya a <em>Preferencias<\/em>, luego <em>Privacidad<\/em>.<\/li>\n \t<li>En este lugar ver\u00e1 la opci\u00f3n <em>Bloquear cookies<\/em> para que ajuste el tipo de bloqueo que desea realizar.<\/li>\n<\/ol>\nPara acceder a la configuraci\u00f3n de <em>cookies<\/em> del navegador <strong>Safari para iOS<\/strong> siga estos pasos (pueden variar en funci\u00f3n de la versi\u00f3n del navegador):\n<ol>\n \t<li>Vaya a <em>Ajustes<\/em>, luego <em>Safari<\/em>.<\/li>\n \t<li>Vaya a <em>Privacidad y Seguridad<\/em>, ver\u00e1 la opci\u00f3n <em>Bloquear cookies<\/em> para que ajuste el tipo de bloqueo que desea realizar.<\/li>\n<\/ol>\nPara acceder a la configuraci\u00f3n de <em>cookies<\/em> del navegador para dispositivos <strong>Android<\/strong> siga estos pasos (pueden variar en funci\u00f3n de la versi\u00f3n del navegador):\n<ol>\n \t<li>Ejecute el navegador y pulse la tecla <em>Men\u00fa<\/em>, luego <em>Ajustes<\/em>.<\/li>\n \t<li>Vaya a <em>Seguridad y Privacidad<\/em>, ver\u00e1 la opci\u00f3n <em>Aceptar cookies<\/em> para que active o desactive la casilla.<\/li>\n<\/ol>\nPara acceder a la configuraci\u00f3n de <em>cookies<\/em> del navegador para dispositivos <strong>Windows Phone<\/strong> siga estos pasos (pueden variar en funci\u00f3n de la versi\u00f3n del navegador):\n<ol>\n \t<li>Abra <em>Internet Explorer<\/em>, luego <em>M\u00e1s<\/em>, luego <em>Configuraci\u00f3n<\/em><\/li>\n \t<li>Ahora puede activar o desactivar la casilla <em>Permitir cookies<\/em>.<\/li>\n<\/ol>\t\t\t\t\t\t<\/div>\n\t\t\t\t<\/div>\n\t\t\t\t\t<\/div>\n\t\t\t\t<\/div>\n\t\t\t\t<\/div>\n\t\t","protected":false},"excerpt":{"rendered":"<p>Inicio \/ Pol\u00edtica de cookies \u00bfQu\u00e9 es una cookie? Una cookie es un fichero de texto inofensivo que se almacena en su navegador cuando visita casi cualquier p\u00e1gina web. La&hellip;<\/p>\n","protected":false},"author":1,"featured_media":0,"parent":0,"menu_order":0,"comment_status":"closed","ping_status":"closed","template":"","meta":{"footnotes":""},"class_list":["post-21272","page","type-page","status-publish","hentry"],"yoast_head":"<!-- This site is optimized with the Yoast SEO plugin v22.6 - https:\/\/yoast.com\/wordpress\/plugins\/seo\/ -->\n<title>Pol\u00edtica de cookies - Lazkao Kirol Elkartea<\/title>\n<meta name=\"robots\" content=\"index, follow, max-snippet:-1, max-image-preview:large, max-video-preview:-1\" \/>\n<link rel=\"canonical\" href=\"https:\/\/www.lazkaoke.eus\/es\/politica-de-cookies\/\" \/>\n<meta property=\"og:locale\" content=\"es_ES\" \/>\n<meta property=\"og:type\" content=\"article\" \/>\n<meta property=\"og:title\" content=\"Pol\u00edtica de cookies - Lazkao Kirol Elkartea\" \/>\n<meta property=\"og:description\" content=\"Inicio \/ Pol\u00edtica de cookies \u00bfQu\u00e9 es una cookie? Una cookie es un fichero de texto inofensivo que se almacena en su navegador cuando visita casi cualquier p\u00e1gina web. La&hellip;\" \/>\n<meta property=\"og:url\" content=\"https:\/\/www.lazkaoke.eus\/es\/politica-de-cookies\/\" \/>\n<meta property=\"og:site_name\" content=\"Lazkao Kirol Elkartea\" \/>\n<meta property=\"article:publisher\" content=\"https:\/\/www.facebook.com\/lazkaoke\/\" \/>\n<meta property=\"article:modified_time\" content=\"2024-07-23T08:40:01+00:00\" \/>\n<meta name=\"twitter:card\" content=\"summary_large_image\" \/>\n<meta name=\"twitter:site\" content=\"@lazkaoke\" \/>\n<meta name=\"twitter:label1\" content=\"Tiempo de lectura\" \/>\n\t<meta name=\"twitter:data1\" content=\"5 minutos\" \/>\n<script type=\"application\/ld+json\" class=\"yoast-schema-graph\">{\"@context\":\"https:\/\/schema.org\",\"@graph\":[{\"@type\":\"WebPage\",\"@id\":\"https:\/\/www.lazkaoke.eus\/es\/politica-de-cookies\/\",\"url\":\"https:\/\/www.lazkaoke.eus\/es\/politica-de-cookies\/\",\"name\":\"Pol\u00edtica de cookies - Lazkao Kirol Elkartea\",\"isPartOf\":{\"@id\":\"https:\/\/www.lazkaoke.eus\/es\/eu\/#website\"},\"datePublished\":\"2024-05-07T10:00:08+00:00\",\"dateModified\":\"2024-07-23T08:40:01+00:00\",\"breadcrumb\":{\"@id\":\"https:\/\/www.lazkaoke.eus\/es\/politica-de-cookies\/#breadcrumb\"},\"inLanguage\":\"es\",\"potentialAction\":[{\"@type\":\"ReadAction\",\"target\":[\"https:\/\/www.lazkaoke.eus\/es\/politica-de-cookies\/\"]}]},{\"@type\":\"BreadcrumbList\",\"@id\":\"https:\/\/www.lazkaoke.eus\/es\/politica-de-cookies\/#breadcrumb\",\"itemListElement\":[{\"@type\":\"ListItem\",\"position\":1,\"name\":\"Home\",\"item\":\"https:\/\/www.lazkaoke.eus\/es\/\"},{\"@type\":\"ListItem\",\"position\":2,\"name\":\"Pol\u00edtica de cookies\"}]},{\"@type\":\"WebSite\",\"@id\":\"https:\/\/www.lazkaoke.eus\/es\/eu\/#website\",\"url\":\"https:\/\/www.lazkaoke.eus\/es\/eu\/\",\"name\":\"Lazkao kirol elkartea\",\"description\":\"Lazkao Kirol Elkartea Futbol Eskola\",\"publisher\":{\"@id\":\"https:\/\/www.lazkaoke.eus\/es\/eu\/#organization\"},\"potentialAction\":[{\"@type\":\"SearchAction\",\"target\":{\"@type\":\"EntryPoint\",\"urlTemplate\":\"https:\/\/www.lazkaoke.eus\/es\/eu\/?s={search_term_string}\"},\"query-input\":\"required name=search_term_string\"}],\"inLanguage\":\"es\"},{\"@type\":\"Organization\",\"@id\":\"https:\/\/www.lazkaoke.eus\/es\/eu\/#organization\",\"name\":\"Lazkao kirol elkartea\",\"url\":\"https:\/\/www.lazkaoke.eus\/es\/eu\/\",\"logo\":{\"@type\":\"ImageObject\",\"inLanguage\":\"es\",\"@id\":\"https:\/\/www.lazkaoke.eus\/es\/eu\/#\/schema\/logo\/image\/\",\"url\":\"https:\/\/www.lazkaoke.eus\/wp-content\/uploads\/2024\/05\/logo.png\",\"contentUrl\":\"https:\/\/www.lazkaoke.eus\/wp-content\/uploads\/2024\/05\/logo.png\",\"width\":247,\"height\":216,\"caption\":\"Lazkao kirol elkartea\"},\"image\":{\"@id\":\"https:\/\/www.lazkaoke.eus\/es\/eu\/#\/schema\/logo\/image\/\"},\"sameAs\":[\"https:\/\/www.facebook.com\/lazkaoke\/\",\"https:\/\/x.com\/lazkaoke\",\"https:\/\/www.instagram.com\/lazkaoke\/\"]}]}<\/script>\n<!-- \/ Yoast SEO plugin. -->","yoast_head_json":{"title":"Pol\u00edtica de cookies - Lazkao Kirol Elkartea","robots":{"index":"index","follow":"follow","max-snippet":"max-snippet:-1","max-image-preview":"max-image-preview:large","max-video-preview":"max-video-preview:-1"},"canonical":"https:\/\/www.lazkaoke.eus\/es\/politica-de-cookies\/","og_locale":"es_ES","og_type":"article","og_title":"Pol\u00edtica de cookies - Lazkao Kirol Elkartea","og_description":"Inicio \/ Pol\u00edtica de cookies \u00bfQu\u00e9 es una cookie? Una cookie es un fichero de texto inofensivo que se almacena en su navegador cuando visita casi cualquier p\u00e1gina web. La&hellip;","og_url":"https:\/\/www.lazkaoke.eus\/es\/politica-de-cookies\/","og_site_name":"Lazkao Kirol Elkartea","article_publisher":"https:\/\/www.facebook.com\/lazkaoke\/","article_modified_time":"2024-07-23T08:40:01+00:00","twitter_card":"summary_large_image","twitter_site":"@lazkaoke","twitter_misc":{"Tiempo de lectura":"5 minutos"},"schema":{"@context":"https:\/\/schema.org","@graph":[{"@type":"WebPage","@id":"https:\/\/www.lazkaoke.eus\/es\/politica-de-cookies\/","url":"https:\/\/www.lazkaoke.eus\/es\/politica-de-cookies\/","name":"Pol\u00edtica de cookies - Lazkao Kirol Elkartea","isPartOf":{"@id":"https:\/\/www.lazkaoke.eus\/es\/eu\/#website"},"datePublished":"2024-05-07T10:00:08+00:00","dateModified":"2024-07-23T08:40:01+00:00","breadcrumb":{"@id":"https:\/\/www.lazkaoke.eus\/es\/politica-de-cookies\/#breadcrumb"},"inLanguage":"es","potentialAction":[{"@type":"ReadAction","target":["https:\/\/www.lazkaoke.eus\/es\/politica-de-cookies\/"]}]},{"@type":"BreadcrumbList","@id":"https:\/\/www.lazkaoke.eus\/es\/politica-de-cookies\/#breadcrumb","itemListElement":[{"@type":"ListItem","position":1,"name":"Home","item":"https:\/\/www.lazkaoke.eus\/es\/"},{"@type":"ListItem","position":2,"name":"Pol\u00edtica de cookies"}]},{"@type":"WebSite","@id":"https:\/\/www.lazkaoke.eus\/es\/eu\/#website","url":"https:\/\/www.lazkaoke.eus\/es\/eu\/","name":"Lazkao kirol elkartea","description":"Lazkao Kirol Elkartea Futbol Eskola","publisher":{"@id":"https:\/\/www.lazkaoke.eus\/es\/eu\/#organization"},"potentialAction":[{"@type":"SearchAction","target":{"@type":"EntryPoint","urlTemplate":"https:\/\/www.lazkaoke.eus\/es\/eu\/?s={search_term_string}"},"query-input":"required name=search_term_string"}],"inLanguage":"es"},{"@type":"Organization","@id":"https:\/\/www.lazkaoke.eus\/es\/eu\/#organization","name":"Lazkao kirol elkartea","url":"https:\/\/www.lazkaoke.eus\/es\/eu\/","logo":{"@type":"ImageObject","inLanguage":"es","@id":"https:\/\/www.lazkaoke.eus\/es\/eu\/#\/schema\/logo\/image\/","url":"https:\/\/www.lazkaoke.eus\/wp-content\/uploads\/2024\/05\/logo.png","contentUrl":"https:\/\/www.lazkaoke.eus\/wp-content\/uploads\/2024\/05\/logo.png","width":247,"height":216,"caption":"Lazkao kirol elkartea"},"image":{"@id":"https:\/\/www.lazkaoke.eus\/es\/eu\/#\/schema\/logo\/image\/"},"sameAs":["https:\/\/www.facebook.com\/lazkaoke\/","https:\/\/x.com\/lazkaoke","https:\/\/www.instagram.com\/lazkaoke\/"]}]}},"_links":{"self":[{"href":"https:\/\/www.lazkaoke.eus\/es\/wp-json\/wp\/v2\/pages\/21272"}],"collection":[{"href":"https:\/\/www.lazkaoke.eus\/es\/wp-json\/wp\/v2\/pages"}],"about":[{"href":"https:\/\/www.lazkaoke.eus\/es\/wp-json\/wp\/v2\/types\/page"}],"author":[{"embeddable":true,"href":"https:\/\/www.lazkaoke.eus\/es\/wp-json\/wp\/v2\/users\/1"}],"replies":[{"embeddable":true,"href":"https:\/\/www.lazkaoke.eus\/es\/wp-json\/wp\/v2\/comments?post=21272"}],"version-history":[{"count":10,"href":"https:\/\/www.lazkaoke.eus\/es\/wp-json\/wp\/v2\/pages\/21272\/revisions"}],"predecessor-version":[{"id":22164,"href":"https:\/\/www.lazkaoke.eus\/es\/wp-json\/wp\/v2\/pages\/21272\/revisions\/22164"}],"wp:attachment":[{"href":"https:\/\/www.lazkaoke.eus\/es\/wp-json\/wp\/v2\/media?parent=21272"}],"curies":[{"name":"wp","href":"https:\/\/api.w.org\/{rel}","templated":true}]}}