{"id":21266,"date":"2024-05-07T09:59:20","date_gmt":"2024-05-07T09:59:20","guid":{"rendered":"https:\/\/lazkaoke.ibd.es\/?page_id=21266"},"modified":"2024-07-23T08:51:41","modified_gmt":"2024-07-23T08:51:41","slug":"aviso-legal","status":"publish","type":"page","link":"https:\/\/www.lazkaoke.eus\/es\/aviso-legal\/","title":{"rendered":"Aviso legal"},"content":{"rendered":"\t\t<div data-elementor-type=\"wp-page\" data-elementor-id=\"21266\" class=\"elementor elementor-21266\">\n\t\t\t\t<div class=\"elementor-element elementor-element-4a130ed e-flex e-con-boxed sc_inner_width_none sc_layouts_column_icons_position_left e-con e-parent\" data-id=\"4a130ed\" data-element_type=\"container\">\n\t\t\t\t\t<div class=\"e-con-inner\">\n\t\t<div class=\"elementor-element elementor-element-33296a7 migapan e-flex e-con-boxed sc_inner_width_none sc_layouts_column_icons_position_left e-con e-child\" data-id=\"33296a7\" data-element_type=\"container\">\n\t\t\t\t\t<div class=\"e-con-inner\">\n\t\t\t\t<div class=\"elementor-element elementor-element-deccfd5 sc_fly_static elementor-widget elementor-widget-text-editor\" data-id=\"deccfd5\" data-element_type=\"widget\" data-widget_type=\"text-editor.default\">\n\t\t\t\t<div class=\"elementor-widget-container\">\n\t\t\t<style>\/*! elementor - v3.21.0 - 25-04-2024 *\/\n.elementor-widget-text-editor.elementor-drop-cap-view-stacked .elementor-drop-cap{background-color:#69727d;color:#fff}.elementor-widget-text-editor.elementor-drop-cap-view-framed .elementor-drop-cap{color:#69727d;border:3px solid;background-color:transparent}.elementor-widget-text-editor:not(.elementor-drop-cap-view-default) .elementor-drop-cap{margin-top:8px}.elementor-widget-text-editor:not(.elementor-drop-cap-view-default) .elementor-drop-cap-letter{width:1em;height:1em}.elementor-widget-text-editor .elementor-drop-cap{float:left;text-align:center;line-height:1;font-size:50px}.elementor-widget-text-editor .elementor-drop-cap-letter{display:inline-block}<\/style>\t\t\t\t<a class=\"c-verde\" href=\"https:\/\/lazkaoke.ibd.es\/\">Inicio <\/a>\/ Aviso legal\t\t\t\t\t\t<\/div>\n\t\t\t\t<\/div>\n\t\t\t\t\t<\/div>\n\t\t\t\t<\/div>\n\t\t\t\t\t<\/div>\n\t\t\t\t<\/div>\n\t\t<div class=\"elementor-element elementor-element-58a5d84 e-flex e-con-boxed sc_inner_width_none sc_layouts_column_icons_position_left e-con e-parent\" data-id=\"58a5d84\" data-element_type=\"container\">\n\t\t\t\t\t<div class=\"e-con-inner\">\n\t\t\t\t<div class=\"elementor-element elementor-element-cc04d9b sc_fly_static elementor-widget elementor-widget-text-editor\" data-id=\"cc04d9b\" data-element_type=\"widget\" data-widget_type=\"text-editor.default\">\n\t\t\t\t<div class=\"elementor-widget-container\">\n\t\t\t\t\t\t\t<h3>Pol\u00edtica de Protecci\u00f3n de Datos<\/h3>\n<p><strong style=\"font-size: 13.008px; line-height: 20.0063px;\">LAZKAO KIROL ELKARTEA. <\/strong>informa acerca del uso de las cookies en el Sitio Web. Las cookies son archivos que se pueden descargar en su equipo a trav\u00e9s de las p\u00e1ginas web del Sitio Web. Son herramientas que tienen un papel esencial para la prestaci\u00f3n de numerosos servicios de la sociedad de la informaci\u00f3n. Entre otros, permiten a una p\u00e1gina web almacenar y recuperar informaci\u00f3n sobre los h\u00e1bitos de navegaci\u00f3n de un usuario o de su equipo y, dependiendo de la informaci\u00f3n obtenida, se pueden utilizar para reconocer al usuario y mejorar el servicio ofrecido.<\/p>\n<h4>Tipos de cookies<\/h4>\n<p>Seg\u00fan quien sea la entidad que gestione el dominio desde donde se env\u00edan las cookies y trate los datos que se obtengan se pueden distinguir dos tipos: cookies propias y cookies de terceros. Existe tambi\u00e9n una segunda clasificaci\u00f3n seg\u00fan el plazo de tiempo que permanecen almacenadas en el navegador del cliente, pudiendo tratarse de cookies de sesi\u00f3n o cookies persistentes. Por \u00faltimo, existe otra clasificaci\u00f3n con cinco tipos de cookies seg\u00fan la finalidad para la que se traten los datos obtenidos: cookies t\u00e9cnicas, cookies de personalizaci\u00f3n, cookies de an\u00e1lisis, cookies publicitarias y cookies de publicidad comportamental.<\/p>\n<h4>Cookies utilizadas en el Sitio Web<\/h4>\n<p>A continuaci\u00f3n se identifican las cookies que est\u00e1n siendo utilizadas en este portal as\u00ed como su tipolog\u00eda y funci\u00f3n:<\/p>\n<h4>Cookies de Google Analytics (__utma, __utmb, __utmc, __utmz)<\/h4>\n<p>El Sitio Web de&nbsp;<strong style=\"font-size: 13.008px; line-height: 20.0063px;\">LAZKAO KIROL ELKARTEA.<\/strong>&nbsp;utiliza Google Analytics, un servicio de anal\u00edtica web desarrollada por Google, que permite la medici\u00f3n y an\u00e1lisis de la navegaci\u00f3n en las p\u00e1ginas web. En su navegador podr\u00e1 observar 4 cookies por defecto, seg\u00fan la tipolog\u00eda anterior se trata de cookies propias, de sesi\u00f3n y de an\u00e1lisis. Puede encontrar m\u00e1s informaci\u00f3n sobre Goolgle Analytics en <a href=\"www.google.es\/intl\/es\/analytics\/privacyoverview.html\" target=\"_blank\" rel=\"noopener\">www.google.es\/intl\/es\/analytics\/privacyoverview.html<\/a> e inhabilitar el uso de estas cookies en <a href=\"https:\/\/tools.google.com\/dlpage\/gaoptout?hl=es\" target=\"_blank\" rel=\"noopener\">https:\/\/tools.google.com\/dlpage\/gaoptout?hl=es<\/a><\/p>\n<p>La informaci\u00f3n recogida por las cookies de Google Analytics se almacena en los servidores de Google ubicados en Estados Unidos. Google se compromete a no compartirla con terceros, salvo que sea requerido para ello por mandato legal o sea necesario para el funcionamiento del sistema. Google no asocia su direcci\u00f3n IP con ninguna otra informaci\u00f3n que tenga.<\/p>\n<p>Google Inc. es una empresa adherida al Acuerdo de Puerto Seguro (<a href=\"http:\/\/www.agpd.es\/portalwebAGPD\/internacional\/adecuacion\/estados_unidos\/index-ides-idphp.php\" target=\"_blank\" rel=\"noopener\">Safe Harbor<\/a>). La pertenencia a este Acuerdo garantiza que los datos transferidos ser\u00e1n tratados con un nivel de protecci\u00f3n acorde a la normativa europea (<a href=\"http:\/\/www.export.gov\/safehrbr\/companyinfo.aspx?id=8321\" target=\"_blank\" rel=\"noopener\">Ficha de registro de Google<\/a>).<\/p>\n<p>La informaci\u00f3n que se obtiene es la relativa al n\u00famero de usuarios que acceden al Sitio Web, el n\u00famero de p\u00e1ginas vistas, la frecuencia y repetici\u00f3n de las visitas, su duraci\u00f3n, el navegador utilizado, el operador que presta el servicio, el idioma, el terminal que utiliza, o la ciudad a la que est\u00e1 asignada su direcci\u00f3n IP. Informaci\u00f3n que posibilita un mejor y m\u00e1s apropiado servicio por parte de&nbsp;<strong style=\"text-align: var(--text-align); background-color: var(--theme-color-bg_color); color: var(--theme-color-text); letter-spacing: 0px; font-size: 13.008px; line-height: 20.0063px;\">LAZKAO KIROL ELKARTEA<\/strong><\/p>\n<h4>C\u00f3mo modificar la configuraci\u00f3n de las cookies<\/h4>\n<p>El Usuario puede restringir, bloquear o borrar las cookies del Sitio Web, o cualquier otra p\u00e1gina web, utilizando su navegador. En cada navegador la operativa es diferente, mostramos informaci\u00f3n de los navegadores m\u00e1s habituales:<\/p>\n<p><em>Internet Explorer<\/em>: <a href=\"http:\/\/windows.microsoft.com\/es-xl\/internet-explorer\/delete-manage-cookies#ie=\" target=\"_blank\" rel=\"noopener\">&#8220;windows.microsoft.com\/es-xl\/internet-explorer\/delete-manage-cookies#ie=&#8221;ie-10&#8221;<\/a><\/p>\n<p><em>FireFox:<\/em> <a href=\"support.mozilla.org\/es\/kb\/Borrar%20cookies\" target=\"_blank\" rel=\"noopener\">support.mozilla.org\/es\/kb\/Borrar%20cookies<\/a><\/p>\n<p><em>Chrome:<\/em> <a href=\"http:\/\/support.google.com\/chrome\/answer\/95647?hl=%22es%22\" target=\"_blank\" rel=\"noopener\">support.google.com\/chrome\/answer\/95647?hl=&#8221;es&#8221;<\/a><\/p>\n<p><em>Safari<\/em>: <a href=\"www.apple.com\/es\/privacy\/use-of-cookies\/\" target=\"_blank\" rel=\"noopener\">www.apple.com\/es\/privacy\/use-of-cookies\/<\/a><\/p>\n<h3>Uso de Cookie<\/h3>\n<h4>Ejercicio de sus derechos:<\/h4>\n<p>Ejercicio de sus derechos: Vd. podr\u00e1 ejercitar los derechos de acceso, rectificaci\u00f3n, cancelaci\u00f3n u oposici\u00f3n respecto de los datos personales obrantes en el referido fichero, dirigi\u00e9ndose a tal efecto a su responsable en el domicilio que se indica del mismo: Helbidea: Posta kutxatila, 10. 20210 Lazkao (Gipuzkoa) o enviando un correo a la direcci\u00f3n <a href=\"mailto:kirolarloa@lazkaoke.eus\">kirolarloa@lazkaoke.eus<\/a><\/p>\t\t\t\t\t\t<\/div>\n\t\t\t\t<\/div>\n\t\t\t\t\t<\/div>\n\t\t\t\t<\/div>\n\t\t<div class=\"e-con-gap-no elementor-element elementor-element-54d0e65 e-flex e-con-boxed sc_inner_width_none sc_layouts_column_icons_position_left e-con e-parent\" data-id=\"54d0e65\" data-element_type=\"container\">\n\t\t\t\t\t<div class=\"e-con-inner\">\n\t\t\t\t\t<\/div>\n\t\t\t\t<\/div>\n\t\t\t\t<\/div>\n\t\t","protected":false},"excerpt":{"rendered":"<p>Inicio \/ Aviso legal Pol\u00edtica de Protecci\u00f3n de Datos LAZKAO KIROL ELKARTEA. informa acerca del uso de las cookies en el Sitio Web. Las cookies son archivos que se pueden&hellip;<\/p>\n","protected":false},"author":1,"featured_media":0,"parent":0,"menu_order":0,"comment_status":"closed","ping_status":"closed","template":"","meta":{"footnotes":""},"class_list":["post-21266","page","type-page","status-publish","hentry"],"yoast_head":"<!-- This site is optimized with the Yoast SEO plugin v22.6 - https:\/\/yoast.com\/wordpress\/plugins\/seo\/ -->\n<title>Aviso legal - Lazkao Kirol Elkartea<\/title>\n<meta name=\"robots\" content=\"index, follow, max-snippet:-1, max-image-preview:large, max-video-preview:-1\" \/>\n<link rel=\"canonical\" href=\"https:\/\/www.lazkaoke.eus\/es\/aviso-legal\/\" \/>\n<meta property=\"og:locale\" content=\"es_ES\" \/>\n<meta property=\"og:type\" content=\"article\" \/>\n<meta property=\"og:title\" content=\"Aviso legal - Lazkao Kirol Elkartea\" \/>\n<meta property=\"og:description\" content=\"Inicio \/ Aviso legal Pol\u00edtica de Protecci\u00f3n de Datos LAZKAO KIROL ELKARTEA. informa acerca del uso de las cookies en el Sitio Web. Las cookies son archivos que se pueden&hellip;\" \/>\n<meta property=\"og:url\" content=\"https:\/\/www.lazkaoke.eus\/es\/aviso-legal\/\" \/>\n<meta property=\"og:site_name\" content=\"Lazkao Kirol Elkartea\" \/>\n<meta property=\"article:publisher\" content=\"https:\/\/www.facebook.com\/lazkaoke\/\" \/>\n<meta property=\"article:modified_time\" content=\"2024-07-23T08:51:41+00:00\" \/>\n<meta name=\"twitter:card\" content=\"summary_large_image\" \/>\n<meta name=\"twitter:site\" content=\"@lazkaoke\" \/>\n<meta name=\"twitter:label1\" content=\"Tiempo de lectura\" \/>\n\t<meta name=\"twitter:data1\" content=\"3 minutos\" \/>\n<script type=\"application\/ld+json\" class=\"yoast-schema-graph\">{\"@context\":\"https:\/\/schema.org\",\"@graph\":[{\"@type\":\"WebPage\",\"@id\":\"https:\/\/www.lazkaoke.eus\/es\/aviso-legal\/\",\"url\":\"https:\/\/www.lazkaoke.eus\/es\/aviso-legal\/\",\"name\":\"Aviso legal - Lazkao Kirol Elkartea\",\"isPartOf\":{\"@id\":\"https:\/\/www.lazkaoke.eus\/es\/eu\/#website\"},\"datePublished\":\"2024-05-07T09:59:20+00:00\",\"dateModified\":\"2024-07-23T08:51:41+00:00\",\"breadcrumb\":{\"@id\":\"https:\/\/www.lazkaoke.eus\/es\/aviso-legal\/#breadcrumb\"},\"inLanguage\":\"es\",\"potentialAction\":[{\"@type\":\"ReadAction\",\"target\":[\"https:\/\/www.lazkaoke.eus\/es\/aviso-legal\/\"]}]},{\"@type\":\"BreadcrumbList\",\"@id\":\"https:\/\/www.lazkaoke.eus\/es\/aviso-legal\/#breadcrumb\",\"itemListElement\":[{\"@type\":\"ListItem\",\"position\":1,\"name\":\"Home\",\"item\":\"https:\/\/www.lazkaoke.eus\/es\/\"},{\"@type\":\"ListItem\",\"position\":2,\"name\":\"Aviso legal\"}]},{\"@type\":\"WebSite\",\"@id\":\"https:\/\/www.lazkaoke.eus\/es\/eu\/#website\",\"url\":\"https:\/\/www.lazkaoke.eus\/es\/eu\/\",\"name\":\"Lazkao kirol elkartea\",\"description\":\"Lazkao Kirol Elkartea Futbol Eskola\",\"publisher\":{\"@id\":\"https:\/\/www.lazkaoke.eus\/es\/eu\/#organization\"},\"potentialAction\":[{\"@type\":\"SearchAction\",\"target\":{\"@type\":\"EntryPoint\",\"urlTemplate\":\"https:\/\/www.lazkaoke.eus\/es\/eu\/?s={search_term_string}\"},\"query-input\":\"required name=search_term_string\"}],\"inLanguage\":\"es\"},{\"@type\":\"Organization\",\"@id\":\"https:\/\/www.lazkaoke.eus\/es\/eu\/#organization\",\"name\":\"Lazkao kirol elkartea\",\"url\":\"https:\/\/www.lazkaoke.eus\/es\/eu\/\",\"logo\":{\"@type\":\"ImageObject\",\"inLanguage\":\"es\",\"@id\":\"https:\/\/www.lazkaoke.eus\/es\/eu\/#\/schema\/logo\/image\/\",\"url\":\"https:\/\/www.lazkaoke.eus\/wp-content\/uploads\/2024\/05\/logo.png\",\"contentUrl\":\"https:\/\/www.lazkaoke.eus\/wp-content\/uploads\/2024\/05\/logo.png\",\"width\":247,\"height\":216,\"caption\":\"Lazkao kirol elkartea\"},\"image\":{\"@id\":\"https:\/\/www.lazkaoke.eus\/es\/eu\/#\/schema\/logo\/image\/\"},\"sameAs\":[\"https:\/\/www.facebook.com\/lazkaoke\/\",\"https:\/\/x.com\/lazkaoke\",\"https:\/\/www.instagram.com\/lazkaoke\/\"]}]}<\/script>\n<!-- \/ Yoast SEO plugin. -->","yoast_head_json":{"title":"Aviso legal - Lazkao Kirol Elkartea","robots":{"index":"index","follow":"follow","max-snippet":"max-snippet:-1","max-image-preview":"max-image-preview:large","max-video-preview":"max-video-preview:-1"},"canonical":"https:\/\/www.lazkaoke.eus\/es\/aviso-legal\/","og_locale":"es_ES","og_type":"article","og_title":"Aviso legal - Lazkao Kirol Elkartea","og_description":"Inicio \/ Aviso legal Pol\u00edtica de Protecci\u00f3n de Datos LAZKAO KIROL ELKARTEA. informa acerca del uso de las cookies en el Sitio Web. Las cookies son archivos que se pueden&hellip;","og_url":"https:\/\/www.lazkaoke.eus\/es\/aviso-legal\/","og_site_name":"Lazkao Kirol Elkartea","article_publisher":"https:\/\/www.facebook.com\/lazkaoke\/","article_modified_time":"2024-07-23T08:51:41+00:00","twitter_card":"summary_large_image","twitter_site":"@lazkaoke","twitter_misc":{"Tiempo de lectura":"3 minutos"},"schema":{"@context":"https:\/\/schema.org","@graph":[{"@type":"WebPage","@id":"https:\/\/www.lazkaoke.eus\/es\/aviso-legal\/","url":"https:\/\/www.lazkaoke.eus\/es\/aviso-legal\/","name":"Aviso legal - Lazkao Kirol Elkartea","isPartOf":{"@id":"https:\/\/www.lazkaoke.eus\/es\/eu\/#website"},"datePublished":"2024-05-07T09:59:20+00:00","dateModified":"2024-07-23T08:51:41+00:00","breadcrumb":{"@id":"https:\/\/www.lazkaoke.eus\/es\/aviso-legal\/#breadcrumb"},"inLanguage":"es","potentialAction":[{"@type":"ReadAction","target":["https:\/\/www.lazkaoke.eus\/es\/aviso-legal\/"]}]},{"@type":"BreadcrumbList","@id":"https:\/\/www.lazkaoke.eus\/es\/aviso-legal\/#breadcrumb","itemListElement":[{"@type":"ListItem","position":1,"name":"Home","item":"https:\/\/www.lazkaoke.eus\/es\/"},{"@type":"ListItem","position":2,"name":"Aviso legal"}]},{"@type":"WebSite","@id":"https:\/\/www.lazkaoke.eus\/es\/eu\/#website","url":"https:\/\/www.lazkaoke.eus\/es\/eu\/","name":"Lazkao kirol elkartea","description":"Lazkao Kirol Elkartea Futbol Eskola","publisher":{"@id":"https:\/\/www.lazkaoke.eus\/es\/eu\/#organization"},"potentialAction":[{"@type":"SearchAction","target":{"@type":"EntryPoint","urlTemplate":"https:\/\/www.lazkaoke.eus\/es\/eu\/?s={search_term_string}"},"query-input":"required name=search_term_string"}],"inLanguage":"es"},{"@type":"Organization","@id":"https:\/\/www.lazkaoke.eus\/es\/eu\/#organization","name":"Lazkao kirol elkartea","url":"https:\/\/www.lazkaoke.eus\/es\/eu\/","logo":{"@type":"ImageObject","inLanguage":"es","@id":"https:\/\/www.lazkaoke.eus\/es\/eu\/#\/schema\/logo\/image\/","url":"https:\/\/www.lazkaoke.eus\/wp-content\/uploads\/2024\/05\/logo.png","contentUrl":"https:\/\/www.lazkaoke.eus\/wp-content\/uploads\/2024\/05\/logo.png","width":247,"height":216,"caption":"Lazkao kirol elkartea"},"image":{"@id":"https:\/\/www.lazkaoke.eus\/es\/eu\/#\/schema\/logo\/image\/"},"sameAs":["https:\/\/www.facebook.com\/lazkaoke\/","https:\/\/x.com\/lazkaoke","https:\/\/www.instagram.com\/lazkaoke\/"]}]}},"_links":{"self":[{"href":"https:\/\/www.lazkaoke.eus\/es\/wp-json\/wp\/v2\/pages\/21266"}],"collection":[{"href":"https:\/\/www.lazkaoke.eus\/es\/wp-json\/wp\/v2\/pages"}],"about":[{"href":"https:\/\/www.lazkaoke.eus\/es\/wp-json\/wp\/v2\/types\/page"}],"author":[{"embeddable":true,"href":"https:\/\/www.lazkaoke.eus\/es\/wp-json\/wp\/v2\/users\/1"}],"replies":[{"embeddable":true,"href":"https:\/\/www.lazkaoke.eus\/es\/wp-json\/wp\/v2\/comments?post=21266"}],"version-history":[{"count":25,"href":"https:\/\/www.lazkaoke.eus\/es\/wp-json\/wp\/v2\/pages\/21266\/revisions"}],"predecessor-version":[{"id":22701,"href":"https:\/\/www.lazkaoke.eus\/es\/wp-json\/wp\/v2\/pages\/21266\/revisions\/22701"}],"wp:attachment":[{"href":"https:\/\/www.lazkaoke.eus\/es\/wp-json\/wp\/v2\/media?parent=21266"}],"curies":[{"name":"wp","href":"https:\/\/api.w.org\/{rel}","templated":true}]}}