{"id":21000,"date":"2024-05-03T09:37:18","date_gmt":"2024-05-03T09:37:18","guid":{"rendered":"https:\/\/lazkaoke.ibd.es\/?page_id=21000"},"modified":"2024-08-05T07:47:14","modified_gmt":"2024-08-05T07:47:14","slug":"contacto","status":"publish","type":"page","link":"https:\/\/www.lazkaoke.eus\/es\/contacto\/","title":{"rendered":"Contacto"},"content":{"rendered":"\t\t<div data-elementor-type=\"wp-page\" data-elementor-id=\"21000\" class=\"elementor elementor-21000\">\n\t\t\t\t<div class=\"elementor-element elementor-element-26dedb0 migapan e-flex e-con-boxed sc_inner_width_none sc_layouts_column_icons_position_left e-con e-parent\" data-id=\"26dedb0\" data-element_type=\"container\">\n\t\t\t\t\t<div class=\"e-con-inner\">\n\t\t\t\t<div class=\"elementor-element elementor-element-87399e2 sc_fly_static elementor-widget elementor-widget-text-editor\" data-id=\"87399e2\" data-element_type=\"widget\" data-widget_type=\"text-editor.default\">\n\t\t\t\t<div class=\"elementor-widget-container\">\n\t\t\t<style>\/*! elementor - v3.21.0 - 25-04-2024 *\/\n.elementor-widget-text-editor.elementor-drop-cap-view-stacked .elementor-drop-cap{background-color:#69727d;color:#fff}.elementor-widget-text-editor.elementor-drop-cap-view-framed .elementor-drop-cap{color:#69727d;border:3px solid;background-color:transparent}.elementor-widget-text-editor:not(.elementor-drop-cap-view-default) .elementor-drop-cap{margin-top:8px}.elementor-widget-text-editor:not(.elementor-drop-cap-view-default) .elementor-drop-cap-letter{width:1em;height:1em}.elementor-widget-text-editor .elementor-drop-cap{float:left;text-align:center;line-height:1;font-size:50px}.elementor-widget-text-editor .elementor-drop-cap-letter{display:inline-block}<\/style>\t\t\t\t<a class=\"c-verde\" href=\"https:\/\/lazkaoke.eus\/\">Inicio <\/a>\/ Contacto\t\t\t\t\t\t<\/div>\n\t\t\t\t<\/div>\n\t\t\t\t\t<\/div>\n\t\t\t\t<\/div>\n\t\t<div class=\"elementor-element elementor-element-8ea2928 e-flex e-con-boxed sc_inner_width_none sc_layouts_column_icons_position_left e-con e-parent\" data-id=\"8ea2928\" data-element_type=\"container\">\n\t\t\t\t\t<div class=\"e-con-inner\">\n\t\t<div class=\"elementor-element elementor-element-319787f e-con-full e-flex sc_inner_width_none sc_layouts_column_icons_position_left e-con e-child\" data-id=\"319787f\" data-element_type=\"container\">\n\t\t\t\t<div class=\"elementor-element elementor-element-697b8f8 sc_fly_static elementor-widget elementor-widget-text-editor\" data-id=\"697b8f8\" data-element_type=\"widget\" data-widget_type=\"text-editor.default\">\n\t\t\t\t<div class=\"elementor-widget-container\">\n\t\t\t\t\t\t\t<h2>CONT\u00c1CTANOS<\/h2>\nSi deseas tener m\u00e1s informaci\u00f3n sobre alg\u00fan tema, puedes hacerlo a trav\u00e9s de este formulario.\n<h3>LOCALIZACI\u00d3N<\/h3>\n<strong>HARIZTI HANDI Futbol Zelaia\n<\/strong>Posta kutxatila, 10. 20210 Lazkao (Gipuzkoa)\t\t\t\t\t\t<\/div>\n\t\t\t\t<\/div>\n\t\t\t\t<div class=\"elementor-element elementor-element-fb90df6 sc_fly_static elementor-widget elementor-widget-trx_sc_googlemap\" data-id=\"fb90df6\" data-element_type=\"widget\" data-widget_type=\"trx_sc_googlemap.default\">\n\t\t\t\t<div class=\"elementor-widget-container\">\n\t\t\t<div id=\"sc_googlemap_1751948885_wrap\" class=\"sc_googlemap_wrap\"><div id=\"sc_googlemap_1751948885\"\t\t\tclass=\"sc_item_content sc_map sc_googlemap sc_googlemap_default trx_addons_inline_1811547317\"\n\t\t\t \t\t\tdata-zoom=\"15\"\n\t\t\tdata-center=\"\"\n\t\t\tdata-style=\"default\"\n\t\t\tdata-cluster-icon=\"\"\n\t\t\t><iframe\n\t\t\t\t\t\tsrc=\"https:\/\/maps.google.com\/maps?t=m&output=embed&iwloc=near&z=15&q=Lazkao+Barreiatua%2C+Barreiatua%2C+4B%2C+20210+Lazkao%2C+Gipuzkoa\"\n\t\t\t\t\t\taria-label=\"\"><\/iframe><\/div><\/div>\t\t<\/div>\n\t\t\t\t<\/div>\n\t\t\t\t<\/div>\n\t\t<div class=\"elementor-element elementor-element-3da30b0 e-con-full e-flex sc_inner_width_none sc_layouts_column_icons_position_left e-con e-child\" data-id=\"3da30b0\" data-element_type=\"container\">\n\t\t\t\t<div class=\"elementor-element elementor-element-be2964d sc_fly_static elementor-widget elementor-widget-trx_sc_contact_form_7\" data-id=\"be2964d\" data-element_type=\"widget\" data-widget_type=\"trx_sc_contact_form_7.default\">\n\t\t\t\t<div class=\"elementor-widget-container\">\n\t\t\t\n<div class=\"wpcf7 no-js\" id=\"wpcf7-f20999-o1\" lang=\"es-ES\" dir=\"ltr\">\n<div class=\"screen-reader-response\"><p role=\"status\" aria-live=\"polite\" aria-atomic=\"true\"><\/p> <ul><\/ul><\/div>\n<form action=\"\/es\/wp-json\/wp\/v2\/pages\/21000#wpcf7-f20999-o1\" method=\"post\" class=\"wpcf7-form init\" aria-label=\"Contact form\" novalidate=\"novalidate\" data-status=\"init\">\n<div style=\"display: none;\">\n<input type=\"hidden\" name=\"_wpcf7\" value=\"20999\" \/>\n<input type=\"hidden\" name=\"_wpcf7_version\" value=\"5.9.4\" \/>\n<input type=\"hidden\" name=\"_wpcf7_locale\" value=\"es_ES\" \/>\n<input type=\"hidden\" name=\"_wpcf7_unit_tag\" value=\"wpcf7-f20999-o1\" \/>\n<input type=\"hidden\" name=\"_wpcf7_container_post\" value=\"0\" \/>\n<input type=\"hidden\" name=\"_wpcf7_posted_data_hash\" value=\"\" \/>\n<input type=\"hidden\" name=\"_wpcf7_recaptcha_response\" value=\"\" \/>\n<\/div>\n<p><label> Tu nombre<br \/>\n<span class=\"wpcf7-form-control-wrap\" data-name=\"your-name\"><input size=\"40\" class=\"wpcf7-form-control wpcf7-text wpcf7-validates-as-required\" autocomplete=\"name\" aria-required=\"true\" aria-invalid=\"false\" value=\"\" type=\"text\" name=\"your-name\" \/><\/span> <\/label>\n<\/p>\n<p><label> Tu correo electr\u00f3nico<br \/>\n<span class=\"wpcf7-form-control-wrap\" data-name=\"your-email\"><input size=\"40\" class=\"wpcf7-form-control wpcf7-email wpcf7-validates-as-required wpcf7-text wpcf7-validates-as-email\" autocomplete=\"email\" aria-required=\"true\" aria-invalid=\"false\" value=\"\" type=\"email\" name=\"your-email\" \/><\/span> <\/label>\n<\/p>\n<p><label> Asunto<br \/>\n<span class=\"wpcf7-form-control-wrap\" data-name=\"your-subject\"><input size=\"40\" class=\"wpcf7-form-control wpcf7-text wpcf7-validates-as-required\" aria-required=\"true\" aria-invalid=\"false\" value=\"\" type=\"text\" name=\"your-subject\" \/><\/span> <\/label>\n<\/p>\n<p><label> Tu mensaje (opcional)<br \/>\n<span class=\"wpcf7-form-control-wrap\" data-name=\"your-message\"><textarea cols=\"40\" rows=\"10\" class=\"wpcf7-form-control wpcf7-textarea\" aria-invalid=\"false\" name=\"your-message\"><\/textarea><\/span> <\/label>\n<\/p>\n<p><input class=\"wpcf7-form-control wpcf7-submit has-spinner\" type=\"submit\" value=\"Enviar\" \/>\n<\/p><div class=\"wpcf7-response-output\" aria-hidden=\"true\"><\/div>\n<\/form>\n<\/div>\n\t\t<\/div>\n\t\t\t\t<\/div>\n\t\t\t\t<\/div>\n\t\t\t\t\t<\/div>\n\t\t\t\t<\/div>\n\t\t\t\t<\/div>\n\t\t","protected":false},"excerpt":{"rendered":"<p>Inicio \/ Contacto CONT\u00c1CTANOS Si deseas tener m\u00e1s informaci\u00f3n sobre alg\u00fan tema, puedes hacerlo a trav\u00e9s de este formulario. LOCALIZACI\u00d3N HARIZTI HANDI Futbol Zelaia Posta kutxatila, 10. 20210 Lazkao (Gipuzkoa)&hellip;<\/p>\n","protected":false},"author":1,"featured_media":22326,"parent":0,"menu_order":0,"comment_status":"closed","ping_status":"closed","template":"","meta":{"footnotes":""},"class_list":["post-21000","page","type-page","status-publish","has-post-thumbnail","hentry"],"yoast_head":"<!-- This site is optimized with the Yoast SEO plugin v22.6 - https:\/\/yoast.com\/wordpress\/plugins\/seo\/ -->\n<title>Contacto - Lazkao Kirol Elkartea<\/title>\n<meta name=\"robots\" content=\"index, follow, max-snippet:-1, max-image-preview:large, max-video-preview:-1\" \/>\n<link rel=\"canonical\" href=\"https:\/\/www.lazkaoke.eus\/es\/contacto\/\" \/>\n<meta property=\"og:locale\" content=\"es_ES\" \/>\n<meta property=\"og:type\" content=\"article\" \/>\n<meta property=\"og:title\" content=\"Contacto - Lazkao Kirol Elkartea\" \/>\n<meta property=\"og:description\" content=\"Inicio \/ Contacto CONT\u00c1CTANOS Si deseas tener m\u00e1s informaci\u00f3n sobre alg\u00fan tema, puedes hacerlo a trav\u00e9s de este formulario. LOCALIZACI\u00d3N HARIZTI HANDI Futbol Zelaia Posta kutxatila, 10. 20210 Lazkao (Gipuzkoa)&hellip;\" \/>\n<meta property=\"og:url\" content=\"https:\/\/www.lazkaoke.eus\/es\/contacto\/\" \/>\n<meta property=\"og:site_name\" content=\"Lazkao Kirol Elkartea\" \/>\n<meta property=\"article:publisher\" content=\"https:\/\/www.facebook.com\/lazkaoke\/\" \/>\n<meta property=\"article:modified_time\" content=\"2024-08-05T07:47:14+00:00\" \/>\n<meta property=\"og:image\" content=\"https:\/\/www.lazkaoke.eus\/wp-content\/uploads\/2024\/06\/cabecera05.jpg\" \/>\n\t<meta property=\"og:image:width\" content=\"2000\" \/>\n\t<meta property=\"og:image:height\" content=\"925\" \/>\n\t<meta property=\"og:image:type\" content=\"image\/jpeg\" \/>\n<meta name=\"twitter:card\" content=\"summary_large_image\" \/>\n<meta name=\"twitter:site\" content=\"@lazkaoke\" \/>\n<meta name=\"twitter:label1\" content=\"Tiempo de lectura\" \/>\n\t<meta name=\"twitter:data1\" content=\"1 minuto\" \/>\n<script type=\"application\/ld+json\" class=\"yoast-schema-graph\">{\"@context\":\"https:\/\/schema.org\",\"@graph\":[{\"@type\":\"WebPage\",\"@id\":\"https:\/\/www.lazkaoke.eus\/es\/contacto\/\",\"url\":\"https:\/\/www.lazkaoke.eus\/es\/contacto\/\",\"name\":\"Contacto - Lazkao Kirol Elkartea\",\"isPartOf\":{\"@id\":\"https:\/\/www.lazkaoke.eus\/es\/eu\/#website\"},\"primaryImageOfPage\":{\"@id\":\"https:\/\/www.lazkaoke.eus\/es\/contacto\/#primaryimage\"},\"image\":{\"@id\":\"https:\/\/www.lazkaoke.eus\/es\/contacto\/#primaryimage\"},\"thumbnailUrl\":\"https:\/\/www.lazkaoke.eus\/wp-content\/uploads\/2024\/06\/cabecera05.jpg\",\"datePublished\":\"2024-05-03T09:37:18+00:00\",\"dateModified\":\"2024-08-05T07:47:14+00:00\",\"breadcrumb\":{\"@id\":\"https:\/\/www.lazkaoke.eus\/es\/contacto\/#breadcrumb\"},\"inLanguage\":\"es\",\"potentialAction\":[{\"@type\":\"ReadAction\",\"target\":[\"https:\/\/www.lazkaoke.eus\/es\/contacto\/\"]}]},{\"@type\":\"ImageObject\",\"inLanguage\":\"es\",\"@id\":\"https:\/\/www.lazkaoke.eus\/es\/contacto\/#primaryimage\",\"url\":\"https:\/\/www.lazkaoke.eus\/wp-content\/uploads\/2024\/06\/cabecera05.jpg\",\"contentUrl\":\"https:\/\/www.lazkaoke.eus\/wp-content\/uploads\/2024\/06\/cabecera05.jpg\",\"width\":2000,\"height\":925},{\"@type\":\"BreadcrumbList\",\"@id\":\"https:\/\/www.lazkaoke.eus\/es\/contacto\/#breadcrumb\",\"itemListElement\":[{\"@type\":\"ListItem\",\"position\":1,\"name\":\"Home\",\"item\":\"https:\/\/www.lazkaoke.eus\/es\/\"},{\"@type\":\"ListItem\",\"position\":2,\"name\":\"Contacto\"}]},{\"@type\":\"WebSite\",\"@id\":\"https:\/\/www.lazkaoke.eus\/es\/eu\/#website\",\"url\":\"https:\/\/www.lazkaoke.eus\/es\/eu\/\",\"name\":\"Lazkao kirol elkartea\",\"description\":\"Lazkao Kirol Elkartea Futbol Eskola\",\"publisher\":{\"@id\":\"https:\/\/www.lazkaoke.eus\/es\/eu\/#organization\"},\"potentialAction\":[{\"@type\":\"SearchAction\",\"target\":{\"@type\":\"EntryPoint\",\"urlTemplate\":\"https:\/\/www.lazkaoke.eus\/es\/eu\/?s={search_term_string}\"},\"query-input\":\"required name=search_term_string\"}],\"inLanguage\":\"es\"},{\"@type\":\"Organization\",\"@id\":\"https:\/\/www.lazkaoke.eus\/es\/eu\/#organization\",\"name\":\"Lazkao kirol elkartea\",\"url\":\"https:\/\/www.lazkaoke.eus\/es\/eu\/\",\"logo\":{\"@type\":\"ImageObject\",\"inLanguage\":\"es\",\"@id\":\"https:\/\/www.lazkaoke.eus\/es\/eu\/#\/schema\/logo\/image\/\",\"url\":\"https:\/\/www.lazkaoke.eus\/wp-content\/uploads\/2024\/05\/logo.png\",\"contentUrl\":\"https:\/\/www.lazkaoke.eus\/wp-content\/uploads\/2024\/05\/logo.png\",\"width\":247,\"height\":216,\"caption\":\"Lazkao kirol elkartea\"},\"image\":{\"@id\":\"https:\/\/www.lazkaoke.eus\/es\/eu\/#\/schema\/logo\/image\/\"},\"sameAs\":[\"https:\/\/www.facebook.com\/lazkaoke\/\",\"https:\/\/x.com\/lazkaoke\",\"https:\/\/www.instagram.com\/lazkaoke\/\"]}]}<\/script>\n<!-- \/ Yoast SEO plugin. -->","yoast_head_json":{"title":"Contacto - Lazkao Kirol Elkartea","robots":{"index":"index","follow":"follow","max-snippet":"max-snippet:-1","max-image-preview":"max-image-preview:large","max-video-preview":"max-video-preview:-1"},"canonical":"https:\/\/www.lazkaoke.eus\/es\/contacto\/","og_locale":"es_ES","og_type":"article","og_title":"Contacto - Lazkao Kirol Elkartea","og_description":"Inicio \/ Contacto CONT\u00c1CTANOS Si deseas tener m\u00e1s informaci\u00f3n sobre alg\u00fan tema, puedes hacerlo a trav\u00e9s de este formulario. LOCALIZACI\u00d3N HARIZTI HANDI Futbol Zelaia Posta kutxatila, 10. 20210 Lazkao (Gipuzkoa)&hellip;","og_url":"https:\/\/www.lazkaoke.eus\/es\/contacto\/","og_site_name":"Lazkao Kirol Elkartea","article_publisher":"https:\/\/www.facebook.com\/lazkaoke\/","article_modified_time":"2024-08-05T07:47:14+00:00","og_image":[{"width":2000,"height":925,"url":"https:\/\/www.lazkaoke.eus\/wp-content\/uploads\/2024\/06\/cabecera05.jpg","type":"image\/jpeg"}],"twitter_card":"summary_large_image","twitter_site":"@lazkaoke","twitter_misc":{"Tiempo de lectura":"1 minuto"},"schema":{"@context":"https:\/\/schema.org","@graph":[{"@type":"WebPage","@id":"https:\/\/www.lazkaoke.eus\/es\/contacto\/","url":"https:\/\/www.lazkaoke.eus\/es\/contacto\/","name":"Contacto - Lazkao Kirol Elkartea","isPartOf":{"@id":"https:\/\/www.lazkaoke.eus\/es\/eu\/#website"},"primaryImageOfPage":{"@id":"https:\/\/www.lazkaoke.eus\/es\/contacto\/#primaryimage"},"image":{"@id":"https:\/\/www.lazkaoke.eus\/es\/contacto\/#primaryimage"},"thumbnailUrl":"https:\/\/www.lazkaoke.eus\/wp-content\/uploads\/2024\/06\/cabecera05.jpg","datePublished":"2024-05-03T09:37:18+00:00","dateModified":"2024-08-05T07:47:14+00:00","breadcrumb":{"@id":"https:\/\/www.lazkaoke.eus\/es\/contacto\/#breadcrumb"},"inLanguage":"es","potentialAction":[{"@type":"ReadAction","target":["https:\/\/www.lazkaoke.eus\/es\/contacto\/"]}]},{"@type":"ImageObject","inLanguage":"es","@id":"https:\/\/www.lazkaoke.eus\/es\/contacto\/#primaryimage","url":"https:\/\/www.lazkaoke.eus\/wp-content\/uploads\/2024\/06\/cabecera05.jpg","contentUrl":"https:\/\/www.lazkaoke.eus\/wp-content\/uploads\/2024\/06\/cabecera05.jpg","width":2000,"height":925},{"@type":"BreadcrumbList","@id":"https:\/\/www.lazkaoke.eus\/es\/contacto\/#breadcrumb","itemListElement":[{"@type":"ListItem","position":1,"name":"Home","item":"https:\/\/www.lazkaoke.eus\/es\/"},{"@type":"ListItem","position":2,"name":"Contacto"}]},{"@type":"WebSite","@id":"https:\/\/www.lazkaoke.eus\/es\/eu\/#website","url":"https:\/\/www.lazkaoke.eus\/es\/eu\/","name":"Lazkao kirol elkartea","description":"Lazkao Kirol Elkartea Futbol Eskola","publisher":{"@id":"https:\/\/www.lazkaoke.eus\/es\/eu\/#organization"},"potentialAction":[{"@type":"SearchAction","target":{"@type":"EntryPoint","urlTemplate":"https:\/\/www.lazkaoke.eus\/es\/eu\/?s={search_term_string}"},"query-input":"required name=search_term_string"}],"inLanguage":"es"},{"@type":"Organization","@id":"https:\/\/www.lazkaoke.eus\/es\/eu\/#organization","name":"Lazkao kirol elkartea","url":"https:\/\/www.lazkaoke.eus\/es\/eu\/","logo":{"@type":"ImageObject","inLanguage":"es","@id":"https:\/\/www.lazkaoke.eus\/es\/eu\/#\/schema\/logo\/image\/","url":"https:\/\/www.lazkaoke.eus\/wp-content\/uploads\/2024\/05\/logo.png","contentUrl":"https:\/\/www.lazkaoke.eus\/wp-content\/uploads\/2024\/05\/logo.png","width":247,"height":216,"caption":"Lazkao kirol elkartea"},"image":{"@id":"https:\/\/www.lazkaoke.eus\/es\/eu\/#\/schema\/logo\/image\/"},"sameAs":["https:\/\/www.facebook.com\/lazkaoke\/","https:\/\/x.com\/lazkaoke","https:\/\/www.instagram.com\/lazkaoke\/"]}]}},"_links":{"self":[{"href":"https:\/\/www.lazkaoke.eus\/es\/wp-json\/wp\/v2\/pages\/21000"}],"collection":[{"href":"https:\/\/www.lazkaoke.eus\/es\/wp-json\/wp\/v2\/pages"}],"about":[{"href":"https:\/\/www.lazkaoke.eus\/es\/wp-json\/wp\/v2\/types\/page"}],"author":[{"embeddable":true,"href":"https:\/\/www.lazkaoke.eus\/es\/wp-json\/wp\/v2\/users\/1"}],"replies":[{"embeddable":true,"href":"https:\/\/www.lazkaoke.eus\/es\/wp-json\/wp\/v2\/comments?post=21000"}],"version-history":[{"count":73,"href":"https:\/\/www.lazkaoke.eus\/es\/wp-json\/wp\/v2\/pages\/21000\/revisions"}],"predecessor-version":[{"id":22945,"href":"https:\/\/www.lazkaoke.eus\/es\/wp-json\/wp\/v2\/pages\/21000\/revisions\/22945"}],"wp:featuredmedia":[{"embeddable":true,"href":"https:\/\/www.lazkaoke.eus\/es\/wp-json\/wp\/v2\/media\/22326"}],"wp:attachment":[{"href":"https:\/\/www.lazkaoke.eus\/es\/wp-json\/wp\/v2\/media?parent=21000"}],"curies":[{"name":"wp","href":"https:\/\/api.w.org\/{rel}","templated":true}]}}