{"id":20858,"date":"2024-05-02T08:22:43","date_gmt":"2024-05-02T08:22:43","guid":{"rendered":"https:\/\/lazkaoke.ibd.es\/?page_id=20858"},"modified":"2025-05-12T06:28:16","modified_gmt":"2025-05-12T06:28:16","slug":"escuela-de-futbol","status":"publish","type":"page","link":"https:\/\/www.lazkaoke.eus\/es\/escuela-de-futbol\/","title":{"rendered":"Futbol eskola"},"content":{"rendered":"\t\t<div data-elementor-type=\"wp-page\" data-elementor-id=\"20858\" class=\"elementor elementor-20858\">\n\t\t\t\t<div class=\"elementor-element elementor-element-e7aadfe migapan e-flex e-con-boxed sc_inner_width_none sc_layouts_column_icons_position_left e-con e-parent\" data-id=\"e7aadfe\" data-element_type=\"container\">\n\t\t\t\t\t<div class=\"e-con-inner\">\n\t\t\t\t<div class=\"elementor-element elementor-element-52e8369 sc_fly_static elementor-widget elementor-widget-text-editor\" data-id=\"52e8369\" data-element_type=\"widget\" data-widget_type=\"text-editor.default\">\n\t\t\t\t<div class=\"elementor-widget-container\">\n\t\t\t<style>\/*! elementor - v3.21.0 - 25-04-2024 *\/\n.elementor-widget-text-editor.elementor-drop-cap-view-stacked .elementor-drop-cap{background-color:#69727d;color:#fff}.elementor-widget-text-editor.elementor-drop-cap-view-framed .elementor-drop-cap{color:#69727d;border:3px solid;background-color:transparent}.elementor-widget-text-editor:not(.elementor-drop-cap-view-default) .elementor-drop-cap{margin-top:8px}.elementor-widget-text-editor:not(.elementor-drop-cap-view-default) .elementor-drop-cap-letter{width:1em;height:1em}.elementor-widget-text-editor .elementor-drop-cap{float:left;text-align:center;line-height:1;font-size:50px}.elementor-widget-text-editor .elementor-drop-cap-letter{display:inline-block}<\/style>\t\t\t\t<a class=\"c-verde\" href=\"https:\/\/lazkaoke.eus\/\">Inicio <\/a>\/ Futbol eskola\t\t\t\t\t\t<\/div>\n\t\t\t\t<\/div>\n\t\t\t\t\t<\/div>\n\t\t\t\t<\/div>\n\t\t<div class=\"e-con-with-custom-width elementor-element elementor-element-791e635 e-con-full e-flex sc_inner_width_none sc_layouts_column_icons_position_left e-con e-parent\" data-id=\"791e635\" data-element_type=\"container\">\n\t\t<div class=\"elementor-element elementor-element-32c48fa e-con-full e-flex sc_inner_width_none sc_layouts_column_icons_position_left e-con e-child\" data-id=\"32c48fa\" data-element_type=\"container\">\n\t\t\t\t<div class=\"elementor-element elementor-element-2ce97e4 sc_fly_static elementor-widget elementor-widget-image\" data-id=\"2ce97e4\" data-element_type=\"widget\" data-widget_type=\"image.default\">\n\t\t\t\t<div class=\"elementor-widget-container\">\n\t\t\t<style>\/*! elementor - v3.21.0 - 25-04-2024 *\/\n.elementor-widget-image{text-align:center}.elementor-widget-image a{display:inline-block}.elementor-widget-image a img[src$=\".svg\"]{width:48px}.elementor-widget-image img{vertical-align:middle;display:inline-block}<\/style>\t\t\t\t\t\t\t\t\t\t<img fetchpriority=\"high\" decoding=\"async\" width=\"1500\" height=\"977\" src=\"https:\/\/www.lazkaoke.eus\/wp-content\/uploads\/2024\/08\/quipacion_lazkao_logo.jpg\" class=\"attachment-full size-full wp-image-22849\" alt=\"\" srcset=\"https:\/\/www.lazkaoke.eus\/wp-content\/uploads\/2024\/08\/quipacion_lazkao_logo.jpg 1500w, https:\/\/www.lazkaoke.eus\/wp-content\/uploads\/2024\/08\/quipacion_lazkao_logo-300x195.jpg 300w, https:\/\/www.lazkaoke.eus\/wp-content\/uploads\/2024\/08\/quipacion_lazkao_logo-1024x667.jpg 1024w, https:\/\/www.lazkaoke.eus\/wp-content\/uploads\/2024\/08\/quipacion_lazkao_logo-768x500.jpg 768w, https:\/\/www.lazkaoke.eus\/wp-content\/uploads\/2024\/08\/quipacion_lazkao_logo-370x241.jpg 370w, https:\/\/www.lazkaoke.eus\/wp-content\/uploads\/2024\/08\/quipacion_lazkao_logo-840x547.jpg 840w, https:\/\/www.lazkaoke.eus\/wp-content\/uploads\/2024\/08\/quipacion_lazkao_logo-410x267.jpg 410w\" sizes=\"(max-width: 1500px) 100vw, 1500px\" \/>\t\t\t\t\t\t\t\t\t\t\t\t\t<\/div>\n\t\t\t\t<\/div>\n\t\t\t\t<\/div>\n\t\t<div class=\"elementor-element elementor-element-12cac8b e-con-full e-flex sc_inner_width_none sc_layouts_column_icons_position_left e-con e-child\" data-id=\"12cac8b\" data-element_type=\"container\">\n\t\t\t\t<div class=\"elementor-element elementor-element-ab429db sc_fly_static elementor-widget elementor-widget-text-editor\" data-id=\"ab429db\" data-element_type=\"widget\" data-widget_type=\"text-editor.default\">\n\t\t\t\t<div class=\"elementor-widget-container\">\n\t\t\t\t\t\t\t<h2>FUTBOL ESKOLA<\/h2><p><span class=\"ui-provider a b c d e f g h i j k l m n o p q r s t u v w x y z ab ac ae af ag ah ai aj ak\" dir=\"ltr\">Nuestra<strong> Futbol Eskola<\/strong> acoge a ni\u00f1as y ni\u00f1os en edad benjam\u00edn y alev\u00edn (Esta temporada 2013-2016). Como bien dice su nombre, es una Escuela, donde l@s chavales <strong>APRENDEN<\/strong>. Ese aprendizaje, no consiste solo en materias t\u00e1cticas, t\u00e9cnicas y deportivas, sino que principalmente se trata de inculcar valores m\u00e1s generales, que luego detallaremos. Adem\u00e1s del aprendizaje, se busca la <strong>DIVERSION<\/strong> de l@s chavales. Cada chaval tiene que venir a la Futbol Eskola convencid@ de que quiere venir y tiene que disfrutar y divertirse durante los entrenamientos y los partidos.\u00a0<\/span><\/p>\t\t\t\t\t\t<\/div>\n\t\t\t\t<\/div>\n\t\t\t\t<\/div>\n\t\t\t\t<\/div>\n\t\t<div class=\"elementor-element elementor-element-808092c e-flex e-con-boxed sc_inner_width_none sc_layouts_column_icons_position_left e-con e-parent\" data-id=\"808092c\" data-element_type=\"container\">\n\t\t\t\t\t<div class=\"e-con-inner\">\n\t\t\t\t<div class=\"elementor-element elementor-element-1c9c9c6 sc_fly_static elementor-widget elementor-widget-text-editor\" data-id=\"1c9c9c6\" data-element_type=\"widget\" data-widget_type=\"text-editor.default\">\n\t\t\t\t<div class=\"elementor-widget-container\">\n\t\t\t\t\t\t\t<p>Valores que tratamos de transmitir:<\/p><h3>RESPETO<\/h3><p>Es el primero de los valores. Sin respeto, no hay nada.<\/p><ul><li><span style=\"text-decoration: underline;\">A las personas<\/span>: entrenadores, compa\u00f1er@s, \u00e1rbitr@s, jugador@s rivales, p\u00fablico, etc\u2026<\/li><li><span style=\"text-decoration: underline;\">A los materiales<\/span>: <span class=\"ui-provider a b c d e f g h i j k l m n o p q r s t u v w x y z ab ac ae af ag ah ai aj ak\" dir=\"ltr\">El club pone a disposici\u00f3n de la educaci\u00f3n de los chavales, diversos materiales de entrenamiento,\u00a0 ropa, balones, vestuarios, instalaciones&#8230; Los jugadores deben considerarlos como bienes a cuidar y conservar, y co-responsabilizarse en el buen uso de los mismos (as\u00ed como la recogida y almacenamiento de los auxiliares utilizados, balones incluidos).<\/span><\/li><\/ul><h3>EUSKERA<\/h3><p><span class=\"ui-provider a b c d e f g h i j k l m n o p q r s t u v w x y z ab ac ae af ag ah ai aj ak\" dir=\"ltr\">Tratamos de influir en la utilizaci\u00f3n del euskera, y hacemos todos los entrenamientos de la Futbol Eskola con el euskera como idioma matriz de los mismos<\/span>.<\/p><h3>INTEGRACI\u00d3N<\/h3><p><span class=\"ui-provider a b c d e f g h i j k l m n o p q r s t u v w x y z ab ac ae af ag ah ai aj ak\" dir=\"ltr\">Ning\u00fan chaval es rechazado por su origen, religi\u00f3n, creencias o situaciones particulares, y tod@s son educad@s y tratad@s de la misma forma. Tod@s comparten vestuario y forman parte de un mismo equipo, lo cual favorece la integraci\u00f3n de tod@s ell@s<\/span>.<\/p><h3>EDUCACI\u00d3N de G\u00c9NERO<\/h3><p><span class=\"ui-provider a b c d e f g h i j k l m n o p q r s t u v w x y z ab ac ae af ag ah ai aj ak\" dir=\"ltr\">Afortunadamente, el f\u00fatbol cada vez se ve menos como un \u201cdeporte de hombres\u201d. En nuestra Futbol Eskola, tanto chicos y chicas comparten deporte, equipo y objetivos, lo cual entendemos que es positivo para ellas y para ellos. Aprenden a que chicas y chicos tienen los mismos deberes y derechos\u00a0 y deben ser tratados de la misma manera<\/span>.<\/p><h3>DISCIPLINA<\/h3><p><span class=\"ui-provider a b c d e f g h i j k l m n o p q r s t u v w x y z ab ac ae af ag ah ai aj ak\" dir=\"ltr\">Como hemos comentado antes, en la Futbol Eskola, l@s chavales tienen que divertirse. Pero la diversi\u00f3n, no excluye que tiene que existir disciplina. Se trata de formar parte de equipos, y de seguir las indicaciones de los t\u00e9cnicos. Es a los t\u00e9cnicos, a quien l@s chavales tienen que seguir, centr\u00e1ndose en ellos y no en la gente que pueda estar fuera del campo. Tienen que aprender a diferenciar los entrenamientos, de los ratos de recreo en el patio de la ikastola<\/span>.<\/p><h3>VALORACI\u00d3N del ESFUERZO y el TRABAJO<\/h3><p><span class=\"ui-provider a b c d e f g h i j k l m n o p q r s t u v w x y z ab ac ae af ag ah ai aj ak\" dir=\"ltr\">En la medida de lo posible, se tiende a recompensar a aquell@s que m\u00e1s se esfuercen y trabajen y m\u00e1s positivos sean para el grupo, generando un ambiente de trabajo y disciplina (adem\u00e1s de diversi\u00f3n) adecuado para el aprendizaje colectivo<\/span><\/p>\t\t\t\t\t\t<\/div>\n\t\t\t\t<\/div>\n\t\t\t\t\t<\/div>\n\t\t\t\t<\/div>\n\t\t<div class=\"elementor-element elementor-element-b61d111 displaynone e-flex e-con-boxed sc_inner_width_none sc_layouts_column_icons_position_left e-con e-parent\" data-id=\"b61d111\" data-element_type=\"container\">\n\t\t\t\t\t<div class=\"e-con-inner\">\n\t\t\t\t<div class=\"elementor-element elementor-element-291e2de sc_fly_static elementor-widget elementor-widget-trx_sc_button\" data-id=\"291e2de\" data-element_type=\"widget\" data-widget_type=\"trx_sc_button.default\">\n\t\t\t\t<div class=\"elementor-widget-container\">\n\t\t\t<div\tclass=\"sc_item_button sc_button_wrap sc_align_center\" ><a href=\"https:\/\/forms.gle\/vQw33WzRYMZ93LNh9\" class=\"sc_button sc_button_default sc_button_size_large sc_button_icon_left\" target=\"_blank\" ><span class=\"sc_button_text\"><span class=\"sc_button_title\">INSCR\u00cdBETE AQU\u00cd<\/span><\/span><\/a><\/div>\t\t<\/div>\n\t\t\t\t<\/div>\n\t\t\t\t\t<\/div>\n\t\t\t\t<\/div>\n\t\t\t\t<\/div>\n\t\t","protected":false},"excerpt":{"rendered":"<p>Inicio \/ Futbol eskola FUTBOL ESKOLA Nuestra Futbol Eskola acoge a ni\u00f1as y ni\u00f1os en edad benjam\u00edn y alev\u00edn (Esta temporada 2013-2016). Como bien dice su nombre, es una Escuela,&hellip;<\/p>\n","protected":false},"author":1,"featured_media":22317,"parent":0,"menu_order":0,"comment_status":"closed","ping_status":"closed","template":"","meta":{"footnotes":""},"class_list":["post-20858","page","type-page","status-publish","has-post-thumbnail","hentry"],"yoast_head":"<!-- This site is optimized with the Yoast SEO plugin v22.6 - https:\/\/yoast.com\/wordpress\/plugins\/seo\/ -->\n<title>Futbol eskola - Lazkao Kirol Elkartea<\/title>\n<meta name=\"robots\" content=\"index, follow, max-snippet:-1, max-image-preview:large, max-video-preview:-1\" \/>\n<link rel=\"canonical\" href=\"https:\/\/www.lazkaoke.eus\/es\/escuela-de-futbol\/\" \/>\n<meta property=\"og:locale\" content=\"es_ES\" \/>\n<meta property=\"og:type\" content=\"article\" \/>\n<meta property=\"og:title\" content=\"Futbol eskola - Lazkao Kirol Elkartea\" \/>\n<meta property=\"og:description\" content=\"Inicio \/ Futbol eskola FUTBOL ESKOLA Nuestra Futbol Eskola acoge a ni\u00f1as y ni\u00f1os en edad benjam\u00edn y alev\u00edn (Esta temporada 2013-2016). Como bien dice su nombre, es una Escuela,&hellip;\" \/>\n<meta property=\"og:url\" content=\"https:\/\/www.lazkaoke.eus\/es\/escuela-de-futbol\/\" \/>\n<meta property=\"og:site_name\" content=\"Lazkao Kirol Elkartea\" \/>\n<meta property=\"article:publisher\" content=\"https:\/\/www.facebook.com\/lazkaoke\/\" \/>\n<meta property=\"article:modified_time\" content=\"2025-05-12T06:28:16+00:00\" \/>\n<meta property=\"og:image\" content=\"https:\/\/www.lazkaoke.eus\/wp-content\/uploads\/2021\/01\/cabecera02.jpg\" \/>\n\t<meta property=\"og:image:width\" content=\"2000\" \/>\n\t<meta property=\"og:image:height\" content=\"925\" \/>\n\t<meta property=\"og:image:type\" content=\"image\/jpeg\" \/>\n<meta name=\"twitter:card\" content=\"summary_large_image\" \/>\n<meta name=\"twitter:site\" content=\"@lazkaoke\" \/>\n<meta name=\"twitter:label1\" content=\"Tiempo de lectura\" \/>\n\t<meta name=\"twitter:data1\" content=\"3 minutos\" \/>\n<script type=\"application\/ld+json\" class=\"yoast-schema-graph\">{\"@context\":\"https:\/\/schema.org\",\"@graph\":[{\"@type\":\"WebPage\",\"@id\":\"https:\/\/www.lazkaoke.eus\/es\/escuela-de-futbol\/\",\"url\":\"https:\/\/www.lazkaoke.eus\/es\/escuela-de-futbol\/\",\"name\":\"Futbol eskola - Lazkao Kirol Elkartea\",\"isPartOf\":{\"@id\":\"https:\/\/www.lazkaoke.eus\/es\/eu\/#website\"},\"primaryImageOfPage\":{\"@id\":\"https:\/\/www.lazkaoke.eus\/es\/escuela-de-futbol\/#primaryimage\"},\"image\":{\"@id\":\"https:\/\/www.lazkaoke.eus\/es\/escuela-de-futbol\/#primaryimage\"},\"thumbnailUrl\":\"https:\/\/www.lazkaoke.eus\/wp-content\/uploads\/2021\/01\/cabecera02.jpg\",\"datePublished\":\"2024-05-02T08:22:43+00:00\",\"dateModified\":\"2025-05-12T06:28:16+00:00\",\"breadcrumb\":{\"@id\":\"https:\/\/www.lazkaoke.eus\/es\/escuela-de-futbol\/#breadcrumb\"},\"inLanguage\":\"es\",\"potentialAction\":[{\"@type\":\"ReadAction\",\"target\":[\"https:\/\/www.lazkaoke.eus\/es\/escuela-de-futbol\/\"]}]},{\"@type\":\"ImageObject\",\"inLanguage\":\"es\",\"@id\":\"https:\/\/www.lazkaoke.eus\/es\/escuela-de-futbol\/#primaryimage\",\"url\":\"https:\/\/www.lazkaoke.eus\/wp-content\/uploads\/2021\/01\/cabecera02.jpg\",\"contentUrl\":\"https:\/\/www.lazkaoke.eus\/wp-content\/uploads\/2021\/01\/cabecera02.jpg\",\"width\":2000,\"height\":925},{\"@type\":\"BreadcrumbList\",\"@id\":\"https:\/\/www.lazkaoke.eus\/es\/escuela-de-futbol\/#breadcrumb\",\"itemListElement\":[{\"@type\":\"ListItem\",\"position\":1,\"name\":\"Home\",\"item\":\"https:\/\/www.lazkaoke.eus\/es\/\"},{\"@type\":\"ListItem\",\"position\":2,\"name\":\"Futbol eskola\"}]},{\"@type\":\"WebSite\",\"@id\":\"https:\/\/www.lazkaoke.eus\/es\/eu\/#website\",\"url\":\"https:\/\/www.lazkaoke.eus\/es\/eu\/\",\"name\":\"Lazkao kirol elkartea\",\"description\":\"Lazkao Kirol Elkartea Futbol Eskola\",\"publisher\":{\"@id\":\"https:\/\/www.lazkaoke.eus\/es\/eu\/#organization\"},\"potentialAction\":[{\"@type\":\"SearchAction\",\"target\":{\"@type\":\"EntryPoint\",\"urlTemplate\":\"https:\/\/www.lazkaoke.eus\/es\/eu\/?s={search_term_string}\"},\"query-input\":\"required name=search_term_string\"}],\"inLanguage\":\"es\"},{\"@type\":\"Organization\",\"@id\":\"https:\/\/www.lazkaoke.eus\/es\/eu\/#organization\",\"name\":\"Lazkao kirol elkartea\",\"url\":\"https:\/\/www.lazkaoke.eus\/es\/eu\/\",\"logo\":{\"@type\":\"ImageObject\",\"inLanguage\":\"es\",\"@id\":\"https:\/\/www.lazkaoke.eus\/es\/eu\/#\/schema\/logo\/image\/\",\"url\":\"https:\/\/www.lazkaoke.eus\/wp-content\/uploads\/2024\/05\/logo.png\",\"contentUrl\":\"https:\/\/www.lazkaoke.eus\/wp-content\/uploads\/2024\/05\/logo.png\",\"width\":247,\"height\":216,\"caption\":\"Lazkao kirol elkartea\"},\"image\":{\"@id\":\"https:\/\/www.lazkaoke.eus\/es\/eu\/#\/schema\/logo\/image\/\"},\"sameAs\":[\"https:\/\/www.facebook.com\/lazkaoke\/\",\"https:\/\/x.com\/lazkaoke\",\"https:\/\/www.instagram.com\/lazkaoke\/\"]}]}<\/script>\n<!-- \/ Yoast SEO plugin. -->","yoast_head_json":{"title":"Futbol eskola - Lazkao Kirol Elkartea","robots":{"index":"index","follow":"follow","max-snippet":"max-snippet:-1","max-image-preview":"max-image-preview:large","max-video-preview":"max-video-preview:-1"},"canonical":"https:\/\/www.lazkaoke.eus\/es\/escuela-de-futbol\/","og_locale":"es_ES","og_type":"article","og_title":"Futbol eskola - Lazkao Kirol Elkartea","og_description":"Inicio \/ Futbol eskola FUTBOL ESKOLA Nuestra Futbol Eskola acoge a ni\u00f1as y ni\u00f1os en edad benjam\u00edn y alev\u00edn (Esta temporada 2013-2016). Como bien dice su nombre, es una Escuela,&hellip;","og_url":"https:\/\/www.lazkaoke.eus\/es\/escuela-de-futbol\/","og_site_name":"Lazkao Kirol Elkartea","article_publisher":"https:\/\/www.facebook.com\/lazkaoke\/","article_modified_time":"2025-05-12T06:28:16+00:00","og_image":[{"width":2000,"height":925,"url":"https:\/\/www.lazkaoke.eus\/wp-content\/uploads\/2021\/01\/cabecera02.jpg","type":"image\/jpeg"}],"twitter_card":"summary_large_image","twitter_site":"@lazkaoke","twitter_misc":{"Tiempo de lectura":"3 minutos"},"schema":{"@context":"https:\/\/schema.org","@graph":[{"@type":"WebPage","@id":"https:\/\/www.lazkaoke.eus\/es\/escuela-de-futbol\/","url":"https:\/\/www.lazkaoke.eus\/es\/escuela-de-futbol\/","name":"Futbol eskola - Lazkao Kirol Elkartea","isPartOf":{"@id":"https:\/\/www.lazkaoke.eus\/es\/eu\/#website"},"primaryImageOfPage":{"@id":"https:\/\/www.lazkaoke.eus\/es\/escuela-de-futbol\/#primaryimage"},"image":{"@id":"https:\/\/www.lazkaoke.eus\/es\/escuela-de-futbol\/#primaryimage"},"thumbnailUrl":"https:\/\/www.lazkaoke.eus\/wp-content\/uploads\/2021\/01\/cabecera02.jpg","datePublished":"2024-05-02T08:22:43+00:00","dateModified":"2025-05-12T06:28:16+00:00","breadcrumb":{"@id":"https:\/\/www.lazkaoke.eus\/es\/escuela-de-futbol\/#breadcrumb"},"inLanguage":"es","potentialAction":[{"@type":"ReadAction","target":["https:\/\/www.lazkaoke.eus\/es\/escuela-de-futbol\/"]}]},{"@type":"ImageObject","inLanguage":"es","@id":"https:\/\/www.lazkaoke.eus\/es\/escuela-de-futbol\/#primaryimage","url":"https:\/\/www.lazkaoke.eus\/wp-content\/uploads\/2021\/01\/cabecera02.jpg","contentUrl":"https:\/\/www.lazkaoke.eus\/wp-content\/uploads\/2021\/01\/cabecera02.jpg","width":2000,"height":925},{"@type":"BreadcrumbList","@id":"https:\/\/www.lazkaoke.eus\/es\/escuela-de-futbol\/#breadcrumb","itemListElement":[{"@type":"ListItem","position":1,"name":"Home","item":"https:\/\/www.lazkaoke.eus\/es\/"},{"@type":"ListItem","position":2,"name":"Futbol eskola"}]},{"@type":"WebSite","@id":"https:\/\/www.lazkaoke.eus\/es\/eu\/#website","url":"https:\/\/www.lazkaoke.eus\/es\/eu\/","name":"Lazkao kirol elkartea","description":"Lazkao Kirol Elkartea Futbol Eskola","publisher":{"@id":"https:\/\/www.lazkaoke.eus\/es\/eu\/#organization"},"potentialAction":[{"@type":"SearchAction","target":{"@type":"EntryPoint","urlTemplate":"https:\/\/www.lazkaoke.eus\/es\/eu\/?s={search_term_string}"},"query-input":"required name=search_term_string"}],"inLanguage":"es"},{"@type":"Organization","@id":"https:\/\/www.lazkaoke.eus\/es\/eu\/#organization","name":"Lazkao kirol elkartea","url":"https:\/\/www.lazkaoke.eus\/es\/eu\/","logo":{"@type":"ImageObject","inLanguage":"es","@id":"https:\/\/www.lazkaoke.eus\/es\/eu\/#\/schema\/logo\/image\/","url":"https:\/\/www.lazkaoke.eus\/wp-content\/uploads\/2024\/05\/logo.png","contentUrl":"https:\/\/www.lazkaoke.eus\/wp-content\/uploads\/2024\/05\/logo.png","width":247,"height":216,"caption":"Lazkao kirol elkartea"},"image":{"@id":"https:\/\/www.lazkaoke.eus\/es\/eu\/#\/schema\/logo\/image\/"},"sameAs":["https:\/\/www.facebook.com\/lazkaoke\/","https:\/\/x.com\/lazkaoke","https:\/\/www.instagram.com\/lazkaoke\/"]}]}},"_links":{"self":[{"href":"https:\/\/www.lazkaoke.eus\/es\/wp-json\/wp\/v2\/pages\/20858"}],"collection":[{"href":"https:\/\/www.lazkaoke.eus\/es\/wp-json\/wp\/v2\/pages"}],"about":[{"href":"https:\/\/www.lazkaoke.eus\/es\/wp-json\/wp\/v2\/types\/page"}],"author":[{"embeddable":true,"href":"https:\/\/www.lazkaoke.eus\/es\/wp-json\/wp\/v2\/users\/1"}],"replies":[{"embeddable":true,"href":"https:\/\/www.lazkaoke.eus\/es\/wp-json\/wp\/v2\/comments?post=20858"}],"version-history":[{"count":77,"href":"https:\/\/www.lazkaoke.eus\/es\/wp-json\/wp\/v2\/pages\/20858\/revisions"}],"predecessor-version":[{"id":23086,"href":"https:\/\/www.lazkaoke.eus\/es\/wp-json\/wp\/v2\/pages\/20858\/revisions\/23086"}],"wp:featuredmedia":[{"embeddable":true,"href":"https:\/\/www.lazkaoke.eus\/es\/wp-json\/wp\/v2\/media\/22317"}],"wp:attachment":[{"href":"https:\/\/www.lazkaoke.eus\/es\/wp-json\/wp\/v2\/media?parent=20858"}],"curies":[{"name":"wp","href":"https:\/\/api.w.org\/{rel}","templated":true}]}}